{"id":12,"date":"2020-06-24T19:19:04","date_gmt":"2020-06-24T19:19:04","guid":{"rendered":"http:\/\/novi.advokatbrankovic.com\/?page_id=12"},"modified":"2020-07-20T17:25:05","modified_gmt":"2020-07-20T17:25:05","slug":"pocetna","status":"publish","type":"page","link":"https:\/\/advokatbrankovic.com\/","title":{"rendered":"Po\u010detna"},"content":{"rendered":"<p>[et_pb_section fb_built=&#8221;1&#8243; fullwidth=&#8221;on&#8221; _builder_version=&#8221;4.4.4&#8243; custom_margin=&#8221;80px||||false|false&#8221; custom_padding=&#8221;||||false|false&#8221; top_divider_style=&#8221;waves&#8221; top_divider_color=&#8221;#ffffff&#8221; top_divider_height_tablet=&#8221;&#8221; top_divider_height_phone=&#8221;40px&#8221; top_divider_height_last_edited=&#8221;on|phone&#8221; bottom_divider_style=&#8221;waves&#8221; bottom_divider_color=&#8221;#ffffff&#8221; bottom_divider_height_tablet=&#8221;&#8221; bottom_divider_height_phone=&#8221;40px&#8221; bottom_divider_height_last_edited=&#8221;on|phone&#8221;][et_pb_fullwidth_slider _builder_version=&#8221;4.4.4&#8243; header_font=&#8221;Open Sans||||||||&#8221; body_font_size=&#8221;19px&#8221; custom_padding=&#8221;303px||366px|||&#8221; hover_enabled=&#8221;0&#8243; header_text_shadow_style=&#8221;preset1&#8243;][et_pb_slide heading=&#8221;Pouzdanost. Efikasnost. Tradicija.&#8221; use_bg_overlay=&#8221;on&#8221; _builder_version=&#8221;4.4.4&#8243; header_font=&#8221;Open Sans||||||||&#8221; header_font_size=&#8221;36px&#8221; background_enable_color=&#8221;off&#8221; background_image=&#8221;https:\/\/advokatbrankovic.com\/wp-content\/uploads\/2020\/06\/8kWllcFSSV.jpg&#8221; background_enable_image=&#8221;on&#8221; child_mix_blend_mode=&#8221;multiply&#8221; hover_enabled=&#8221;0&#8243; title_text=&#8221;8kWllcFSSV&#8221;]<\/p>\n<p>Advokatska kancelarija Brankovi\u0107<\/p>\n<p>[\/et_pb_slide][\/et_pb_fullwidth_slider][\/et_pb_section][et_pb_section fb_built=&#8221;1&#8243; module_id=&#8221;nama&#8221; _builder_version=&#8221;4.4.4&#8243;][et_pb_row _builder_version=&#8221;4.4.4&#8243;][et_pb_column type=&#8221;4_4&#8243; _builder_version=&#8221;4.4.4&#8243;][et_pb_text _builder_version=&#8221;4.4.4&#8243; text_font=&#8221;Open Sans||||||||&#8221; header_font=&#8221;Open Sans|||on|||||&#8221; header_text_color=&#8221;#e09900&#8243; header_2_font=&#8221;Open Sans|||on|||||&#8221; header_2_text_align=&#8221;center&#8221; header_2_text_color=&#8221;#ff9900&#8243; text_orientation=&#8221;center&#8221; custom_padding=&#8221;|||20px|false|false&#8221; border_width_left=&#8221;2px&#8221; border_color_left=&#8221;#ff9900&#8243;]<\/p>\n<h2>O nama<\/h2>\n<p>&nbsp;<\/p>\n<p>Mi smo Advokatska kancelarija Brankovi\u0107, koja okuplja ambiciozan i perspektivan tim mladih advokata koji poseduje znanje, stru\u010dnost, kao i profesionalno iskustvo. Na\u0161 pravni tim pa\u017eljivo je biran, i Vama je na raspolaganju da sa primerenom pa\u017enjom i razumevanjem odgovori na svaki, ma koliko slo\u017een zadatak.<\/p>\n<p>Svakom klijentu pristupamo sa jednakom pa\u017enjom i posve\u0107eno\u0161\u0107u. Smatramo da je stvaranje dobrog odnosa sa klijentom, kao i razumevanje svih aspekata pojedina\u010dnog anga\u017emana podjednako va\u017eno kao i usluga koju pru\u017eamo. Stoga se trudimo da u najkra\u0107em vremenskom roku, na sveobuhvatan I temeljan na\u010din zadovoljimo specifi\u010dne potrebe na\u0161ih klijenata.<\/p>\n<p>Duboko cenimo ukazano poverenje postoje\u0107ih ali i budu\u0107ih klijenata, stoga konstantno radimo na unapre\u0111enju kvaliteta i na\u010dina pru\u017eanja svojih usluga. Na\u0161i saveti su jasni, precizni i blagovremeni.[\/et_pb_text][\/et_pb_column][\/et_pb_row][\/et_pb_section][et_pb_section fb_built=&#8221;1&#8243; prev_background_color=&#8221;#ffffff&#8221; next_background_color=&#8221;#ffffff&#8221; module_id=&#8221;advokati&#8221; _builder_version=&#8221;4.4.4&#8243; use_background_color_gradient=&#8221;on&#8221; background_color_gradient_start=&#8221;rgba(0,0,0,0.72)&#8221; background_color_gradient_end=&#8221;rgba(255,153,0,0.55)&#8221; background_color_gradient_direction=&#8221;169deg&#8221; background_color_gradient_start_position=&#8221;34%&#8221; background_color_gradient_overlays_image=&#8221;on&#8221; background_image=&#8221;https:\/\/advokatbrankovic.com\/wp-content\/uploads\/2020\/06\/Av0CCbXLb6.jpg&#8221; background_position=&#8221;bottom_left&#8221; top_divider_style=&#8221;waves&#8221; top_divider_height_tablet=&#8221;&#8221; top_divider_height_phone=&#8221;40px&#8221; top_divider_height_last_edited=&#8221;on|phone&#8221; bottom_divider_style=&#8221;waves&#8221; bottom_divider_height_tablet=&#8221;&#8221; bottom_divider_height_phone=&#8221;40px&#8221; bottom_divider_height_last_edited=&#8221;on|phone&#8221; hover_enabled=&#8221;0&#8243; title_text=&#8221;Av0CCbXLb6&#8243;][et_pb_row _builder_version=&#8221;4.4.4&#8243;][et_pb_column type=&#8221;4_4&#8243; _builder_version=&#8221;4.4.4&#8243;][et_pb_text _builder_version=&#8221;4.4.4&#8243; text_font=&#8221;Open Sans||||||||&#8221; text_text_color=&#8221;#ffffff&#8221; header_text_color=&#8221;#e09900&#8243; header_2_font=&#8221;Open Sans|||on|||||&#8221; header_2_text_align=&#8221;center&#8221; header_2_text_color=&#8221;#ffffff&#8221; text_orientation=&#8221;center&#8221; custom_margin=&#8221;60px||||false|false&#8221; custom_padding=&#8221;|||20px|false|false&#8221; text_text_shadow_style=&#8221;preset2&#8243; header_2_text_shadow_style=&#8221;preset2&#8243; border_color_left=&#8221;#ff9900&#8243;]<\/p>\n<h2>Upoznajte Pravni tim<\/h2>\n<p>&nbsp;<\/p>\n<p>[\/et_pb_text][\/et_pb_column][\/et_pb_row][et_pb_row column_structure=&#8221;1_3,1_3,1_3&#8243; _builder_version=&#8221;4.4.4&#8243;][et_pb_column type=&#8221;1_3&#8243; _builder_version=&#8221;4.4.4&#8243;][\/et_pb_column][et_pb_column type=&#8221;1_3&#8243; _builder_version=&#8221;4.4.4&#8243;][et_pb_image src=&#8221;https:\/\/advokatbrankovic.com\/wp-content\/uploads\/2020\/07\/DSC02501-1-scaled.jpg&#8221; title_text=&#8221;DSC02501-1&#8243; _builder_version=&#8221;4.4.4&#8243; animation_style=&#8221;slide&#8221; border_radii=&#8221;on|20px|20px|20px|20px&#8221; box_shadow_style=&#8221;preset4&#8243;][\/et_pb_image][et_pb_text _builder_version=&#8221;4.4.4&#8243; text_font=&#8221;Open Sans||||||||&#8221; text_text_color=&#8221;#ffffff&#8221; text_orientation=&#8221;center&#8221;]<\/p>\n<p>Advokat Ivana Brankovi\u0107<\/p>\n<p>[\/et_pb_text][\/et_pb_column][et_pb_column type=&#8221;1_3&#8243; _builder_version=&#8221;4.4.4&#8243;][\/et_pb_column][\/et_pb_row][et_pb_row column_structure=&#8221;1_3,1_3,1_3&#8243; _builder_version=&#8221;4.4.4&#8243; background_enable_color=&#8221;off&#8221; custom_padding=&#8221;||70px||false|false&#8221;][et_pb_column type=&#8221;1_3&#8243; _builder_version=&#8221;4.4.4&#8243;][et_pb_image src=&#8221;https:\/\/advokatbrankovic.com\/wp-content\/uploads\/2020\/07\/DSC02481-scaled.jpg&#8221; title_text=&#8221;DSC02481&#8243; _builder_version=&#8221;4.4.4&#8243; animation_style=&#8221;slide&#8221; border_radii=&#8221;on|20px|20px|20px|20px&#8221; box_shadow_style=&#8221;preset4&#8243;][\/et_pb_image][et_pb_text _builder_version=&#8221;4.4.4&#8243; text_font=&#8221;Open Sans||||||||&#8221; text_text_color=&#8221;#ffffff&#8221; text_orientation=&#8221;center&#8221;]<\/p>\n<p>Advokat Aleksandar Krkovi\u0107<\/p>\n<p>[\/et_pb_text][\/et_pb_column][et_pb_column type=&#8221;1_3&#8243; _builder_version=&#8221;4.4.4&#8243;][et_pb_image src=&#8221;https:\/\/advokatbrankovic.com\/wp-content\/uploads\/2020\/07\/DSC02475-scaled.jpg&#8221; title_text=&#8221;DSC02475&#8243; _builder_version=&#8221;4.4.4&#8243; animation_style=&#8221;slide&#8221; border_radii=&#8221;on|20px|20px|20px|20px&#8221; box_shadow_style=&#8221;preset4&#8243;][\/et_pb_image][et_pb_text _builder_version=&#8221;4.4.4&#8243; text_font=&#8221;Open Sans||||||||&#8221; text_text_color=&#8221;#ffffff&#8221; text_orientation=&#8221;center&#8221;]Advokat Jovana Marjanovic[\/et_pb_text][\/et_pb_column][et_pb_column type=&#8221;1_3&#8243; _builder_version=&#8221;4.4.4&#8243;][et_pb_image src=&#8221;https:\/\/advokatbrankovic.com\/wp-content\/uploads\/2020\/07\/DSC02479-scaled.jpg&#8221; title_text=&#8221;DSC02479&#8243; _builder_version=&#8221;4.4.4&#8243; animation_style=&#8221;slide&#8221; border_radii=&#8221;on|20px|20px|20px|20px&#8221; box_shadow_style=&#8221;preset4&#8243;][\/et_pb_image][et_pb_text _builder_version=&#8221;4.4.4&#8243; text_font=&#8221;Open Sans||||||||&#8221; text_text_color=&#8221;#ffffff&#8221; text_orientation=&#8221;center&#8221; text_text_shadow_style=&#8221;preset4&#8243;]<\/p>\n<p>Advokatski pripravnik Ana Kon\u010dar<\/p>\n<p>[\/et_pb_text][\/et_pb_column][\/et_pb_row][\/et_pb_section][et_pb_section fb_built=&#8221;1&#8243; module_id=&#8221;oblasti&#8221; _builder_version=&#8221;4.4.4&#8243;][et_pb_row _builder_version=&#8221;4.4.4&#8243;][et_pb_column type=&#8221;4_4&#8243; _builder_version=&#8221;4.4.4&#8243;][et_pb_text _builder_version=&#8221;4.4.4&#8243; header_2_font=&#8221;Open Sans|600||on|||||&#8221; header_2_text_align=&#8221;center&#8221;]<\/p>\n<h2>Oblasti[\/et_pb_text][et_pb_divider color=&#8221;#ff9900&#8243; divider_weight=&#8221;1px&#8221; _builder_version=&#8221;4.4.4&#8243; width=&#8221;18%&#8221; module_alignment=&#8221;center&#8221; custom_margin=&#8221;-25px||||false|false&#8221;][\/et_pb_divider][\/et_pb_column][\/et_pb_row][et_pb_row column_structure=&#8221;1_3,1_3,1_3&#8243; _builder_version=&#8221;4.4.4&#8243;][et_pb_column type=&#8221;1_3&#8243; _builder_version=&#8221;4.4.4&#8243;][et_pb_image src=&#8221;https:\/\/advokatbrankovic.com\/wp-content\/uploads\/2020\/06\/sydney-opera-house.png&#8221; title_text=&#8221;sydney-opera-house&#8221; align=&#8221;center&#8221; _builder_version=&#8221;4.4.4&#8243; width=&#8221;100%&#8221; module_alignment=&#8221;center&#8221;][\/et_pb_image][et_pb_text _builder_version=&#8221;4.4.4&#8243; text_font=&#8221;Open Sans|700||on|||||&#8221; text_orientation=&#8221;center&#8221;]<\/p>\n<p>Nekretnine i imovinsko-pravni odnosi<\/p>\n<p>[\/et_pb_text][\/et_pb_column][et_pb_column type=&#8221;1_3&#8243; _builder_version=&#8221;4.4.4&#8243;][et_pb_image src=&#8221;https:\/\/advokatbrankovic.com\/wp-content\/uploads\/2020\/06\/real-estate.png&#8221; title_text=&#8221;real-estate&#8221; align=&#8221;center&#8221; _builder_version=&#8221;4.4.4&#8243; width=&#8221;100%&#8221; module_alignment=&#8221;center&#8221;][\/et_pb_image][et_pb_text _builder_version=&#8221;4.4.4&#8243; text_font=&#8221;Open Sans|700||on|||||&#8221; text_orientation=&#8221;center&#8221;]<\/p>\n<p>legalizacija<\/p>\n<p>[\/et_pb_text][\/et_pb_column][et_pb_column type=&#8221;1_3&#8243; _builder_version=&#8221;4.4.4&#8243;][et_pb_image src=&#8221;https:\/\/advokatbrankovic.com\/wp-content\/uploads\/2020\/06\/factory.png&#8221; title_text=&#8221;factory&#8221; align=&#8221;center&#8221; _builder_version=&#8221;4.4.4&#8243; width=&#8221;100%&#8221; module_alignment=&#8221;center&#8221;][\/et_pb_image][et_pb_text _builder_version=&#8221;4.4.4&#8243; text_font=&#8221;Open Sans|700||on|||||&#8221; text_orientation=&#8221;center&#8221;]<\/p>\n<p>privredno pravo<\/p>\n<p>[\/et_pb_text][\/et_pb_column][\/et_pb_row][et_pb_row column_structure=&#8221;1_3,1_3,1_3&#8243; _builder_version=&#8221;4.4.4&#8243;][et_pb_column type=&#8221;1_3&#8243; _builder_version=&#8221;4.4.4&#8243;][et_pb_image src=&#8221;https:\/\/advokatbrankovic.com\/wp-content\/uploads\/2020\/06\/business-and-trade.png&#8221; title_text=&#8221;business-and-trade&#8221; align=&#8221;center&#8221; _builder_version=&#8221;4.4.4&#8243; width=&#8221;100%&#8221; module_alignment=&#8221;center&#8221;][\/et_pb_image][et_pb_text _builder_version=&#8221;4.4.4&#8243; text_font=&#8221;Open Sans|700||on|||||&#8221; text_orientation=&#8221;center&#8221;]<\/p>\n<p>korporativno pravo<\/p>\n<p>[\/et_pb_text][\/et_pb_column][et_pb_column type=&#8221;1_3&#8243; _builder_version=&#8221;4.4.4&#8243;][et_pb_image src=&#8221;https:\/\/advokatbrankovic.com\/wp-content\/uploads\/2020\/06\/worker.png&#8221; title_text=&#8221;worker&#8221; align=&#8221;center&#8221; _builder_version=&#8221;4.4.4&#8243; width=&#8221;100%&#8221; module_alignment=&#8221;center&#8221;][\/et_pb_image][et_pb_text _builder_version=&#8221;4.4.4&#8243; text_font=&#8221;Open Sans|700||on|||||&#8221; text_orientation=&#8221;center&#8221;]<\/p>\n<p>Radno pravo<\/p>\n<p>[\/et_pb_text][\/et_pb_column][et_pb_column type=&#8221;1_3&#8243; _builder_version=&#8221;4.4.4&#8243;][et_pb_image src=&#8221;https:\/\/advokatbrankovic.com\/wp-content\/uploads\/2020\/06\/school.png&#8221; title_text=&#8221;school&#8221; align=&#8221;center&#8221; _builder_version=&#8221;4.4.4&#8243; width=&#8221;100%&#8221; module_alignment=&#8221;center&#8221;][\/et_pb_image][et_pb_text _builder_version=&#8221;4.4.4&#8243; text_font=&#8221;Open Sans|700||on|||||&#8221; text_orientation=&#8221;center&#8221;]<\/p>\n<p>upravno pravo<\/p>\n<p>[\/et_pb_text][\/et_pb_column][\/et_pb_row][et_pb_row column_structure=&#8221;1_3,1_3,1_3&#8243; _builder_version=&#8221;4.4.4&#8243;][et_pb_column type=&#8221;1_3&#8243; _builder_version=&#8221;4.4.4&#8243;][et_pb_image src=&#8221;https:\/\/advokatbrankovic.com\/wp-content\/uploads\/2020\/06\/family.png&#8221; title_text=&#8221;family&#8221; align=&#8221;center&#8221; _builder_version=&#8221;4.4.4&#8243; width=&#8221;100%&#8221; module_alignment=&#8221;center&#8221;][\/et_pb_image][et_pb_text _builder_version=&#8221;4.4.4&#8243; text_font=&#8221;Open Sans|700||on|||||&#8221; text_orientation=&#8221;center&#8221;]<\/p>\n<p>porodi\u010dno pravo<\/p>\n<p>[\/et_pb_text][\/et_pb_column][et_pb_column type=&#8221;1_3&#8243; _builder_version=&#8221;4.4.4&#8243;][et_pb_image src=&#8221;https:\/\/advokatbrankovic.com\/wp-content\/uploads\/2020\/06\/family-1.png&#8221; title_text=&#8221;family (1)&#8221; align=&#8221;center&#8221; _builder_version=&#8221;4.4.4&#8243; width=&#8221;100%&#8221; module_alignment=&#8221;center&#8221;][\/et_pb_image][et_pb_text _builder_version=&#8221;4.4.4&#8243; text_font=&#8221;Open Sans|700||on|||||&#8221; text_orientation=&#8221;center&#8221;]<\/p>\n<p>Nasledno pravo<\/p>\n<p>[\/et_pb_text][\/et_pb_column][et_pb_column type=&#8221;1_3&#8243; _builder_version=&#8221;4.4.4&#8243;][et_pb_image src=&#8221;https:\/\/advokatbrankovic.com\/wp-content\/uploads\/2020\/06\/law.png&#8221; title_text=&#8221;law&#8221; align=&#8221;center&#8221; _builder_version=&#8221;4.4.4&#8243; width=&#8221;100%&#8221; module_alignment=&#8221;center&#8221;][\/et_pb_image][et_pb_text _builder_version=&#8221;4.4.4&#8243; text_font=&#8221;Open Sans|700||on|||||&#8221; text_orientation=&#8221;center&#8221;]<\/p>\n<p>prekr\u0161ajno pravo<\/p>\n<p>[\/et_pb_text][\/et_pb_column][\/et_pb_row][et_pb_row column_structure=&#8221;1_3,1_3,1_3&#8243; _builder_version=&#8221;4.4.4&#8243;][et_pb_column type=&#8221;1_3&#8243; _builder_version=&#8221;4.4.4&#8243;][et_pb_image src=&#8221;https:\/\/advokatbrankovic.com\/wp-content\/uploads\/2020\/06\/financial.png&#8221; title_text=&#8221;financial&#8221; align=&#8221;center&#8221; _builder_version=&#8221;4.4.4&#8243; width=&#8221;100%&#8221; module_alignment=&#8221;center&#8221;][\/et_pb_image][et_pb_text _builder_version=&#8221;4.4.4&#8243; text_font=&#8221;Open Sans|700||on|||||&#8221; text_orientation=&#8221;center&#8221;]<\/p>\n<p>poresko pravo<\/p>\n<p>[\/et_pb_text][\/et_pb_column][et_pb_column type=&#8221;1_3&#8243; _builder_version=&#8221;4.4.4&#8243;][et_pb_image src=&#8221;https:\/\/advokatbrankovic.com\/wp-content\/uploads\/2020\/06\/euro.png&#8221; title_text=&#8221;euro&#8221; align=&#8221;center&#8221; _builder_version=&#8221;4.4.4&#8243; width=&#8221;100%&#8221; module_alignment=&#8221;center&#8221;][\/et_pb_image][et_pb_text _builder_version=&#8221;4.4.4&#8243; text_font=&#8221;Open Sans|700||on|||||&#8221; text_orientation=&#8221;center&#8221;]<\/p>\n<p>prinudna naplata<\/p>\n<p>[\/et_pb_text][\/et_pb_column][et_pb_column type=&#8221;1_3&#8243; _builder_version=&#8221;4.4.4&#8243;][et_pb_image src=&#8221;https:\/\/advokatbrankovic.com\/wp-content\/uploads\/2020\/06\/crime.png&#8221; title_text=&#8221;crime&#8221; align=&#8221;center&#8221; _builder_version=&#8221;4.4.4&#8243; width=&#8221;100%&#8221; module_alignment=&#8221;center&#8221;][\/et_pb_image][et_pb_text _builder_version=&#8221;4.4.4&#8243; text_font=&#8221;Open Sans|700||on|||||&#8221; text_orientation=&#8221;center&#8221;]<\/p>\n<p>krivi\u010dno pravo<\/p>\n<p>[\/et_pb_text][\/et_pb_column][\/et_pb_row][\/et_pb_section][et_pb_section fb_built=&#8221;1&#8243; module_id=&#8221;kontakt&#8221; _builder_version=&#8221;4.4.4&#8243;][et_pb_row _builder_version=&#8221;4.4.4&#8243; min_height=&#8221;123px&#8221;][et_pb_column type=&#8221;4_4&#8243; _builder_version=&#8221;4.4.4&#8243;][et_pb_text _builder_version=&#8221;4.4.4&#8243; header_2_font=&#8221;Open Sans|600||on|||||&#8221; header_2_text_align=&#8221;center&#8221;]<\/p>\n<h2>Kontakt[\/et_pb_text][et_pb_divider color=&#8221;#ff9900&#8243; divider_weight=&#8221;1px&#8221; _builder_version=&#8221;4.4.4&#8243; width=&#8221;18%&#8221; module_alignment=&#8221;center&#8221; custom_margin=&#8221;-25px||||false|false&#8221;][\/et_pb_divider][\/et_pb_column][\/et_pb_row][et_pb_row column_structure=&#8221;1_2,1_2&#8243; _builder_version=&#8221;4.4.4&#8243;][et_pb_column type=&#8221;1_2&#8243; _builder_version=&#8221;4.4.4&#8243;][et_pb_image src=&#8221;https:\/\/advokatbrankovic.com\/wp-content\/uploads\/2020\/06\/phone-1.png&#8221; title_text=&#8221;phone (1)&#8221; align=&#8221;center&#8221; _builder_version=&#8221;4.4.4&#8243; width=&#8221;100%&#8221; module_alignment=&#8221;center&#8221;][\/et_pb_image][et_pb_text _builder_version=&#8221;4.4.4&#8243; text_orientation=&#8221;center&#8221;]<\/p>\n<p>064\/ 12-16-148<\/p>\n<p>[\/et_pb_text][et_pb_image src=&#8221;https:\/\/advokatbrankovic.com\/wp-content\/uploads\/2020\/06\/mail.png&#8221; title_text=&#8221;mail&#8221; align=&#8221;center&#8221; _builder_version=&#8221;4.4.4&#8243; width=&#8221;100%&#8221; module_alignment=&#8221;center&#8221;][\/et_pb_image][et_pb_text _builder_version=&#8221;4.4.4&#8243; text_orientation=&#8221;center&#8221;]<\/p>\n<p>ibrankovic@advokatbrankovic.com<\/p>\n<p>[\/et_pb_text][et_pb_image src=&#8221;https:\/\/advokatbrankovic.com\/wp-content\/uploads\/2020\/06\/place.png&#8221; title_text=&#8221;place&#8221; align=&#8221;center&#8221; _builder_version=&#8221;4.4.4&#8243; width=&#8221;100%&#8221; module_alignment=&#8221;center&#8221;][\/et_pb_image][et_pb_text _builder_version=&#8221;4.4.4&#8243; text_orientation=&#8221;center&#8221;]<\/p>\n<p>\u010cika Ljubina 15\/1<\/p>\n<p>[\/et_pb_text][\/et_pb_column][et_pb_column type=&#8221;1_2&#8243; _builder_version=&#8221;4.4.4&#8243;][et_pb_text _builder_version=&#8221;4.4.4&#8243;]<iframe loading=\"lazy\" src=\"https:\/\/www.google.com\/maps\/embed?pb=!1m18!1m12!1m3!1d2830.206019481391!2d20.456201915701122!3d44.81736738438988!2m3!1f0!2f0!3f0!3m2!1i1024!2i768!4f13.1!3m3!1m2!1s0x475a7ab31f1901e9%3A0x906a8c3093e394ec!2z0KfQuNC60LAt0InRg9Cx0LjQvdCwIDE1LCDQkdC10L7Qs9GA0LDQtCAxMTAwMA!5e0!3m2!1ssr!2srs!4v1593037204188!5m2!1ssr!2srs\" width=\"100%\" height=\"320\" frameborder=\"0\" style=\"border:0;\" allowfullscreen=\"\" aria-hidden=\"false\" tabindex=\"0\"><\/iframe>[\/et_pb_text][\/et_pb_column][\/et_pb_row][et_pb_row _builder_version=&#8221;4.4.4&#8243;][et_pb_column type=&#8221;4_4&#8243; _builder_version=&#8221;4.4.4&#8243;][et_pb_contact_form captcha=&#8221;off&#8221; email=&#8221;ibrankovic@advokatbrankovic.com&#8221; submit_button_text=&#8221;Po\u0161alji&#8221; _builder_version=&#8221;4.4.4&#8243; custom_button=&#8221;on&#8221; button_text_color=&#8221;#ffffff&#8221; button_bg_color=&#8221;#ff9900&#8243; button_border_width=&#8221;0px&#8221; button_border_radius=&#8221;25px&#8221;][et_pb_contact_field field_id=&#8221;Name&#8221; field_title=&#8221;Ime&#8221; _builder_version=&#8221;4.4.4&#8243; button_text_size__hover_enabled=&#8221;off&#8221; button_one_text_size__hover_enabled=&#8221;off&#8221; button_two_text_size__hover_enabled=&#8221;off&#8221; button_text_color__hover_enabled=&#8221;off&#8221; button_one_text_color__hover_enabled=&#8221;off&#8221; button_two_text_color__hover_enabled=&#8221;off&#8221; button_border_width__hover_enabled=&#8221;off&#8221; button_one_border_width__hover_enabled=&#8221;off&#8221; button_two_border_width__hover_enabled=&#8221;off&#8221; button_border_color__hover_enabled=&#8221;off&#8221; button_one_border_color__hover_enabled=&#8221;off&#8221; button_two_border_color__hover_enabled=&#8221;off&#8221; button_border_radius__hover_enabled=&#8221;off&#8221; button_one_border_radius__hover_enabled=&#8221;off&#8221; button_two_border_radius__hover_enabled=&#8221;off&#8221; button_letter_spacing__hover_enabled=&#8221;off&#8221; button_one_letter_spacing__hover_enabled=&#8221;off&#8221; button_two_letter_spacing__hover_enabled=&#8221;off&#8221; button_bg_color__hover_enabled=&#8221;off&#8221; button_one_bg_color__hover_enabled=&#8221;off&#8221; button_two_bg_color__hover_enabled=&#8221;off&#8221;][\/et_pb_contact_field][et_pb_contact_field field_id=&#8221;Email&#8221; field_title=&#8221;Email&#8221; field_type=&#8221;email&#8221; _builder_version=&#8221;4.4.4&#8243; button_text_size__hover_enabled=&#8221;off&#8221; button_one_text_size__hover_enabled=&#8221;off&#8221; button_two_text_size__hover_enabled=&#8221;off&#8221; button_text_color__hover_enabled=&#8221;off&#8221; button_one_text_color__hover_enabled=&#8221;off&#8221; button_two_text_color__hover_enabled=&#8221;off&#8221; button_border_width__hover_enabled=&#8221;off&#8221; button_one_border_width__hover_enabled=&#8221;off&#8221; button_two_border_width__hover_enabled=&#8221;off&#8221; button_border_color__hover_enabled=&#8221;off&#8221; button_one_border_color__hover_enabled=&#8221;off&#8221; button_two_border_color__hover_enabled=&#8221;off&#8221; button_border_radius__hover_enabled=&#8221;off&#8221; button_one_border_radius__hover_enabled=&#8221;off&#8221; button_two_border_radius__hover_enabled=&#8221;off&#8221; button_letter_spacing__hover_enabled=&#8221;off&#8221; button_one_letter_spacing__hover_enabled=&#8221;off&#8221; button_two_letter_spacing__hover_enabled=&#8221;off&#8221; button_bg_color__hover_enabled=&#8221;off&#8221; button_one_bg_color__hover_enabled=&#8221;off&#8221; button_two_bg_color__hover_enabled=&#8221;off&#8221;][\/et_pb_contact_field][et_pb_contact_field field_id=&#8221;Message&#8221; field_title=&#8221;Poruka&#8221; field_type=&#8221;text&#8221; fullwidth_field=&#8221;on&#8221; _builder_version=&#8221;4.4.4&#8243; button_text_size__hover_enabled=&#8221;off&#8221; button_one_text_size__hover_enabled=&#8221;off&#8221; button_two_text_size__hover_enabled=&#8221;off&#8221; button_text_color__hover_enabled=&#8221;off&#8221; button_one_text_color__hover_enabled=&#8221;off&#8221; button_two_text_color__hover_enabled=&#8221;off&#8221; button_border_width__hover_enabled=&#8221;off&#8221; button_one_border_width__hover_enabled=&#8221;off&#8221; button_two_border_width__hover_enabled=&#8221;off&#8221; button_border_color__hover_enabled=&#8221;off&#8221; button_one_border_color__hover_enabled=&#8221;off&#8221; button_two_border_color__hover_enabled=&#8221;off&#8221; button_border_radius__hover_enabled=&#8221;off&#8221; button_one_border_radius__hover_enabled=&#8221;off&#8221; button_two_border_radius__hover_enabled=&#8221;off&#8221; button_letter_spacing__hover_enabled=&#8221;off&#8221; button_one_letter_spacing__hover_enabled=&#8221;off&#8221; button_two_letter_spacing__hover_enabled=&#8221;off&#8221; button_bg_color__hover_enabled=&#8221;off&#8221; button_one_bg_color__hover_enabled=&#8221;off&#8221; button_two_bg_color__hover_enabled=&#8221;off&#8221;][\/et_pb_contact_field][\/et_pb_contact_form][\/et_pb_column][\/et_pb_row][\/et_pb_section]<\/p>\n","protected":false},"excerpt":{"rendered":"<p>Advokatska kancelarija Brankovi\u0107O nama &nbsp; Mi smo Advokatska kancelarija Brankovi\u0107, koja okuplja ambiciozan i perspektivan tim mladih advokata koji poseduje znanje, stru\u010dnost, kao i profesionalno iskustvo. Na\u0161 pravni tim pa\u017eljivo je biran, i Vama je na raspolaganju da sa primerenom pa\u017enjom i razumevanjem odgovori na svaki, ma koliko slo\u017een zadatak. Svakom klijentu pristupamo sa jednakom [&hellip;]<\/p>\n","protected":false},"author":1,"featured_media":0,"parent":0,"menu_order":0,"comment_status":"closed","ping_status":"closed","template":"","meta":{"_et_pb_use_builder":"on","_et_pb_old_content":"","_et_gb_content_width":"","footnotes":""},"class_list":["post-12","page","type-page","status-publish","hentry"],"_links":{"self":[{"href":"https:\/\/advokatbrankovic.com\/index.php\/wp-json\/wp\/v2\/pages\/12","targetHints":{"allow":["GET"]}}],"collection":[{"href":"https:\/\/advokatbrankovic.com\/index.php\/wp-json\/wp\/v2\/pages"}],"about":[{"href":"https:\/\/advokatbrankovic.com\/index.php\/wp-json\/wp\/v2\/types\/page"}],"author":[{"embeddable":true,"href":"https:\/\/advokatbrankovic.com\/index.php\/wp-json\/wp\/v2\/users\/1"}],"replies":[{"embeddable":true,"href":"https:\/\/advokatbrankovic.com\/index.php\/wp-json\/wp\/v2\/comments?post=12"}],"version-history":[{"count":70,"href":"https:\/\/advokatbrankovic.com\/index.php\/wp-json\/wp\/v2\/pages\/12\/revisions"}],"predecessor-version":[{"id":232,"href":"https:\/\/advokatbrankovic.com\/index.php\/wp-json\/wp\/v2\/pages\/12\/revisions\/232"}],"wp:attachment":[{"href":"https:\/\/advokatbrankovic.com\/index.php\/wp-json\/wp\/v2\/media?parent=12"}],"curies":[{"name":"wp","href":"https:\/\/api.w.org\/{rel}","templated":true}]}}